{"id":233,"date":"2020-05-24T18:20:56","date_gmt":"2020-05-24T21:20:56","guid":{"rendered":"http:\/\/blog.bfsadvocacia.com.br\/?page_id=233"},"modified":"2020-05-24T18:37:01","modified_gmt":"2020-05-24T21:37:01","slug":"aviso-legal-disclaimer","status":"publish","type":"page","link":"https:\/\/blog.bfsadvocacia.com.br\/index.php\/aviso-legal-disclaimer\/","title":{"rendered":"Aviso Legal"},"content":{"rendered":"\n<p>Aviso Legal &#8211; Disclaimer<\/p>\n\n\n\n<p>O blogue do escrit\u00f3rio BFS Advocacia (<a href=\"http:\/\/blog.bfsadvocacia.com.br\">http:\/\/blog.bfsadvocacia.com.br<\/a>), (doravante \u201cBlog\u201d), \u00e9 s\u00edtio eletr\u00f4nico cuja estrutura permite a atualiza\u00e7\u00e3o em tempo real a partir dos denominados acr\u00e9scimos dos denominados artigos, publica\u00e7\u00f5es ou postagens em geral.<\/p>\n\n\n\n<p>As informa\u00e7\u00f5es dispon\u00edveis neste Blog \u00e9 estritamente de car\u00e1ter informativo, n\u00e3o representado, seja em car\u00e1ter parcial ou integral, necessariamente, a opini\u00e3o de seus autores. Assim, consulte sempre um profissional de sua confian\u00e7a.<\/p>\n\n\n\n<p>Os conte\u00fados dispon\u00edveis no Blog (imagens, not\u00edcias, v\u00eddeos, artigos, marcas, locais, layout gr\u00e1ficos, dentre outros) e os direitos a eles relacionados s\u00e3o reservados, podendo, portanto, serem consultados \u00fanica e exclusivamente para finalidade de consulta pessoal, sendo expressamente proibido qualquer uso indevido ou divulga\u00e7\u00e3o sem o consentimento pr\u00e9vio e por escrito da equipe. Adicionalmente, especificamente quanto \u00e0s imagens e not\u00edcias n\u00e3o produzidas por nossa equipe, cumpre destacar que estas s\u00e3o obtidas diretamente de s\u00edtios eletr\u00f4nicos, com a devida refer\u00eancia de reprodu\u00e7\u00e3o. No caso de eventualmente n\u00e3o haver a indica\u00e7\u00e3o espec\u00edfica, reportamo-nos ao presente aviso.<\/p>\n\n\n\n<p>O Blog se isenta de qualquer responsabilidade em rela\u00e7\u00e3o ao acesso e conte\u00fados relacionados aos sites e <em>links<\/em> apresentados em suas p\u00e1ginas e adverte aos usu\u00e1rios que a op\u00e7\u00e3o em clicar\/visitar qualquer um deles, \u00e9 de inteira responsabilidade destes, devendo-se utilizar-se da m\u00e1xima cautela , assim como meios de prote\u00e7\u00e3o pr\u00f3prios instalados em seus computadores e\/ou dispositivos eletr\u00f4nicos, visando sua prote\u00e7\u00e3o pessoal contra eventuais v\u00edrus cibern\u00e9ticos, bem como quaisquer outros cookies, bug e eventuais elementos destrutivos<\/p>\n\n\n\n<p>Para quaisquer esclarecimentos adicionais, permanecemos \u00e0 disposi\u00e7\u00e3o, <a rel=\"noreferrer noopener\" href=\"http:\/\/blog.bfsadvocacia.com.br\/index.php\/contact\/\" target=\"_blank\">clicando aqui<\/a>.<\/p>\n\n\n\n<p>\u00a9 BFS Advocacia Blog 2008 \u2013 Todos os direitos reservados.<\/p>\n","protected":false},"excerpt":{"rendered":"<p>Aviso Legal &#8211; Disclaimer O blogue do escrit\u00f3rio BFS Advocacia (http:\/\/blog.bfsadvocacia.com.br), (doravante \u201cBlog\u201d), \u00e9 s\u00edtio&#8230;<\/p>\n","protected":false},"author":1,"featured_media":161,"parent":0,"menu_order":6,"comment_status":"closed","ping_status":"closed","template":"","meta":{"footnotes":""},"amp_enabled":true,"_links":{"self":[{"href":"https:\/\/blog.bfsadvocacia.com.br\/index.php\/wp-json\/wp\/v2\/pages\/233"}],"collection":[{"href":"https:\/\/blog.bfsadvocacia.com.br\/index.php\/wp-json\/wp\/v2\/pages"}],"about":[{"href":"https:\/\/blog.bfsadvocacia.com.br\/index.php\/wp-json\/wp\/v2\/types\/page"}],"author":[{"embeddable":true,"href":"https:\/\/blog.bfsadvocacia.com.br\/index.php\/wp-json\/wp\/v2\/users\/1"}],"replies":[{"embeddable":true,"href":"https:\/\/blog.bfsadvocacia.com.br\/index.php\/wp-json\/wp\/v2\/comments?post=233"}],"version-history":[{"count":2,"href":"https:\/\/blog.bfsadvocacia.com.br\/index.php\/wp-json\/wp\/v2\/pages\/233\/revisions"}],"predecessor-version":[{"id":237,"href":"https:\/\/blog.bfsadvocacia.com.br\/index.php\/wp-json\/wp\/v2\/pages\/233\/revisions\/237"}],"wp:featuredmedia":[{"embeddable":true,"href":"https:\/\/blog.bfsadvocacia.com.br\/index.php\/wp-json\/wp\/v2\/media\/161"}],"wp:attachment":[{"href":"https:\/\/blog.bfsadvocacia.com.br\/index.php\/wp-json\/wp\/v2\/media?parent=233"}],"curies":[{"name":"wp","href":"https:\/\/api.w.org\/{rel}","templated":true}]}}