{"id":253,"date":"2020-05-30T19:17:14","date_gmt":"2020-05-30T22:17:14","guid":{"rendered":"http:\/\/blog.bfsadvocacia.com.br\/?page_id=253"},"modified":"2021-09-27T16:07:45","modified_gmt":"2021-09-27T19:07:45","slug":"documentos","status":"publish","type":"page","link":"https:\/\/blog.bfsadvocacia.com.br\/index.php\/documentos\/","title":{"rendered":"Documentos"},"content":{"rendered":"\n<p>Para visualizar o arquivo, clique diretamente no t\u00edtulo que deseja:<\/p>\n\n\n\n<p><a href=\"http:\/\/blog.bfsadvocacia.com.br\/wp-content\/uploads\/2021\/09\/Agencias-INSS.pdf\" target=\"_blank\" rel=\"noreferrer noopener\">Lista de Contatos das Ag\u00eancias do INSS (APS &#8211; telefone e e-mail)<\/a><\/p>\n\n\n\n<p><a rel=\"noreferrer noopener\" href=\"http:\/\/blog.bfsadvocacia.com.br\/wp-content\/uploads\/2021\/08\/Repositorio-TNU-2.pdf\" target=\"_blank\">Reposit\u00f3rio TNU Junho 2021<\/a><\/p>\n\n\n\n<p><a rel=\"noreferrer noopener\" href=\"http:\/\/blog.bfsadvocacia.com.br\/wp-content\/uploads\/2020\/05\/Declaracao_v\u00ednculo_inss.pdf\" target=\"_blank\">Declara\u00e7\u00e3o modelo do INSS para comprova\u00e7\u00e3o de v\u00ednculo empregat\u00edcio<\/a><\/p>\n\n\n\n<p><a rel=\"noreferrer noopener\" href=\"http:\/\/blog.bfsadvocacia.com.br\/wp-content\/uploads\/2020\/06\/PROCURACAO-in77PRESINSSanexoIV.doc\" target=\"_blank\">Formul\u00e1rio &#8211; Modelo de Procura\u00e7\u00e3o do INSS<\/a><\/p>\n\n\n\n<p><a href=\"https:\/\/www.gov.br\/inss\/pt-br\/centrais-de-conteudo\/formularios\/PerfilProfissiogrficoPrevidencirioPPPatualizado18022016.docx\">Perfil Profissiogr\u00e1fico Previdenci\u00e1rio \u2013 PPP<\/a><\/p>\n\n\n\n<p><a href=\"http:\/\/blog.bfsadvocacia.com.br\/wp-content\/uploads\/2021\/03\/CAT_INSS.pdf\" target=\"_blank\" rel=\"noreferrer noopener\">Comunica\u00e7\u00e3o de Acidente de Trabalho \u2013 CAT (instru\u00e7\u00f5es para o preenchimento da CAT)<\/a><\/p>\n\n\n\n<p><a href=\"https:\/\/www.gov.br\/inss\/pt-br\/centrais-de-conteudo\/formularios\/DeclaraodeInexistnciadeDependentesPreferenciais.doc\">Declara\u00e7\u00e3o de Inexist\u00eancia de Dependentes Preferenciais<\/a><\/p>\n\n\n\n<p><a href=\"http:\/\/blog.bfsadvocacia.com.br\/wp-content\/uploads\/2021\/03\/Declarao_de_recebimento_de_penso_ou_aposentadoria_em_outro_regime_de_Previdencia_INSS.pdf\" target=\"_blank\" rel=\"noreferrer noopener\">Declara\u00e7\u00e3o de recebimento de pens\u00e3o ou aposentadoria em outro regime de Previd\u00eancia&nbsp;<\/a><\/p>\n\n\n\n<p><a href=\"http:\/\/blog.bfsadvocacia.com.br\/wp-content\/uploads\/2021\/03\/Autodeclarao_de_autenticidade_INSS.pdf\" target=\"_blank\" rel=\"noreferrer noopener\">Autodeclara\u00e7\u00e3o de Autenticidade e Veracidade das Informa\u00e7\u00f5es<\/a><\/p>\n\n\n\n<p><a href=\"http:\/\/blog.bfsadvocacia.com.br\/wp-content\/uploads\/2021\/03\/REQUERIMENTO_JUSTIFICACAO_ADMINISTRATIVA_INSS.pdf\" target=\"_blank\" rel=\"noreferrer noopener\">Justifica\u00e7\u00e3o Administrativa<\/a><\/p>\n\n\n\n<p><a href=\"https:\/\/www.gov.br\/inss\/pt-br\/centrais-de-conteudo\/formularios\/TermodeResponsabilidadeparaRepresentaodeBenefciosjuntoaoINSS.pdf\">Termo de Responsabilidade<\/a><\/p>\n","protected":false},"excerpt":{"rendered":"<p>Para visualizar o arquivo, clique diretamente no t\u00edtulo que deseja: Lista de Contatos das Ag\u00eancias&#8230;<\/p>\n","protected":false},"author":1,"featured_media":0,"parent":0,"menu_order":4,"comment_status":"closed","ping_status":"closed","template":"","meta":{"footnotes":""},"amp_enabled":true,"_links":{"self":[{"href":"https:\/\/blog.bfsadvocacia.com.br\/index.php\/wp-json\/wp\/v2\/pages\/253"}],"collection":[{"href":"https:\/\/blog.bfsadvocacia.com.br\/index.php\/wp-json\/wp\/v2\/pages"}],"about":[{"href":"https:\/\/blog.bfsadvocacia.com.br\/index.php\/wp-json\/wp\/v2\/types\/page"}],"author":[{"embeddable":true,"href":"https:\/\/blog.bfsadvocacia.com.br\/index.php\/wp-json\/wp\/v2\/users\/1"}],"replies":[{"embeddable":true,"href":"https:\/\/blog.bfsadvocacia.com.br\/index.php\/wp-json\/wp\/v2\/comments?post=253"}],"version-history":[{"count":5,"href":"https:\/\/blog.bfsadvocacia.com.br\/index.php\/wp-json\/wp\/v2\/pages\/253\/revisions"}],"predecessor-version":[{"id":1675,"href":"https:\/\/blog.bfsadvocacia.com.br\/index.php\/wp-json\/wp\/v2\/pages\/253\/revisions\/1675"}],"wp:attachment":[{"href":"https:\/\/blog.bfsadvocacia.com.br\/index.php\/wp-json\/wp\/v2\/media?parent=253"}],"curies":[{"name":"wp","href":"https:\/\/api.w.org\/{rel}","templated":true}]}}